{"id":2,"date":"2023-08-02T16:49:16","date_gmt":"2023-08-02T14:49:16","guid":{"rendered":"http:\/\/desertsdosons.fanzyl.net\/?page_id=2"},"modified":"2023-08-30T20:11:45","modified_gmt":"2023-08-30T18:11:45","slug":"page-d-exemple","status":"publish","type":"page","link":"https:\/\/desertsdosons.fanzyl.net\/index.php\/page-d-exemple\/","title":{"rendered":"A propos"},"content":{"rendered":"\n<h2 class=\"wp-block-heading\">Un presque livre autobiographique de science-fiction<\/h2>\n\n\n\n<p>Les D\u00e9serts d&#8217;Osons sont une s\u00e9rie de mini-romans racontant l&#8217;\u00e9pop\u00e9e de Kazia, Active \u00e0 la vie chronom\u00e9tr\u00e9e qui voit son quotidien boulevers\u00e9 par Ma\u00efka, jeune Arrivante au caract\u00e8re bien tremp\u00e9. Les p\u00e9rip\u00e9ties de la jeune femme la pousse \u00e0 interroger son monde, la soci\u00e9t\u00e9 dont elle prend part et l&#8217;am\u00e8ne \u00e0 accomplir un grand voyage, au c\u0153ur de la R\u00e9volution en cours, et d&#8217;elle-m\u00eame.<\/p>\n\n\n\n<blockquote class=\"wp-block-quote is-layout-flow wp-block-quote-is-layout-flow\">\n<p>Un presque livre, une presque autobiographie, les D\u00e9serts d&#8217;Osons sont une \u00e9pop\u00e9e rafra\u00eechissante qui emm\u00e8ne le lecteur vers des territoires futuristes, aux accents contemporains.<\/p>\n<cite>Fanny Monod-Mitrev, auteure<\/cite><\/blockquote>\n\n\n\n<h4 class=\"wp-block-heading\">Pourquoi un presque livre ?<\/h4>\n\n\n\n<p>Les D\u00e9serts d&#8217;Osons sont une exp\u00e9rience augment\u00e9e :<br>&#8211; des <strong>illustrations <\/strong>pour accompagner les pages<br>&#8211; une <strong>\u00e9mission de radio<\/strong>, par \u00e9pisode, pour avancer en m\u00eame temps que le personnage sur des th\u00e9matiques-clefs<br>&#8211; une <strong>communaut\u00e9 <\/strong>auto-g\u00e9r\u00e9e pour enrichir et continuer les r\u00e9flexions<br>&#8211; des <strong>exp\u00e9riences immersives<\/strong> pour faire vivre au-del\u00e0 des pages l&#8217;univers des D\u00e9serts d&#8217;Osons (en d\u00e9veloppement).<\/p>\n\n\n\n<p>D&#8217;autres id\u00e9es viendront dans le futur, mais commen\u00e7ons d\u00e9j\u00e0 par celles-l\u00e0.<\/p>\n\n\n\n<figure class=\"wp-block-image size-large\"><img loading=\"lazy\" decoding=\"async\" width=\"1024\" height=\"378\" src=\"http:\/\/desertsdosons.fanzyl.net\/wp-content\/uploads\/2023\/08\/desertsdosons_stickers_histoirespassage-1-1024x378.jpg\" alt=\"\" class=\"wp-image-98\" srcset=\"https:\/\/desertsdosons.fanzyl.net\/wp-content\/uploads\/2023\/08\/desertsdosons_stickers_histoirespassage-1-1024x378.jpg 1024w, https:\/\/desertsdosons.fanzyl.net\/wp-content\/uploads\/2023\/08\/desertsdosons_stickers_histoirespassage-1-300x111.jpg 300w, https:\/\/desertsdosons.fanzyl.net\/wp-content\/uploads\/2023\/08\/desertsdosons_stickers_histoirespassage-1-768x283.jpg 768w, https:\/\/desertsdosons.fanzyl.net\/wp-content\/uploads\/2023\/08\/desertsdosons_stickers_histoirespassage-1-1536x566.jpg 1536w, https:\/\/desertsdosons.fanzyl.net\/wp-content\/uploads\/2023\/08\/desertsdosons_stickers_histoirespassage-1-2048x755.jpg 2048w, https:\/\/desertsdosons.fanzyl.net\/wp-content\/uploads\/2023\/08\/desertsdosons_stickers_histoirespassage-1-1320x487.jpg 1320w, https:\/\/desertsdosons.fanzyl.net\/wp-content\/uploads\/2023\/08\/desertsdosons_stickers_histoirespassage-1-600x221.jpg 600w\" sizes=\"auto, (max-width: 1024px) 100vw, 1024px\" \/><\/figure>\n\n\n\n<h4 class=\"wp-block-heading\">Pourquoi une presque autobiographie ?<\/h4>\n\n\n\n<p>Les D\u00e9serts d&#8217;Osons sont une transposition romanc\u00e9e de la vie de Fanny Monod-Mitrev, facilitatrice graphique \u00e0 <a href=\"https:\/\/www.percolab.com\/fr\/\" data-type=\"URL\" data-id=\"https:\/\/www.percolab.com\/fr\/\">Percolab<\/a>, dont les premiers mots de cette histoire sont apparus il y a 10 ans. Fanny tient le blog <a href=\"https:\/\/fanzyl.net\/\">fanzyl.net<\/a> dans lequel elle met \u00e0 disposition sous forme de ressources libres ses productions visuelles, soutenez-la via <a href=\"https:\/\/liberapay.com\/Fanzyl\/\" data-type=\"URL\" data-id=\"https:\/\/liberapay.com\/Fanzyl\/\">LiberaPay<\/a> !<\/p>\n","protected":false},"excerpt":{"rendered":"<p>Un presque livre autobiographique de science-fiction Les D\u00e9serts d&#8217;Osons sont une s\u00e9rie de mini-romans racontant l&#8217;\u00e9pop\u00e9e de Kazia, Active \u00e0 &hellip; <a href=\"https:\/\/desertsdosons.fanzyl.net\/index.php\/page-d-exemple\/\" class=\"more-link\"><span class=\"more-button\">Lire la suite<span class=\"screen-reader-text\">A propos<\/span><\/span><\/a><\/p>\n","protected":false},"author":1,"featured_media":0,"parent":0,"menu_order":0,"comment_status":"closed","ping_status":"open","template":"","meta":{"footnotes":""},"class_list":["post-2","page","type-page","status-publish","hentry"],"_links":{"self":[{"href":"https:\/\/desertsdosons.fanzyl.net\/index.php\/wp-json\/wp\/v2\/pages\/2","targetHints":{"allow":["GET"]}}],"collection":[{"href":"https:\/\/desertsdosons.fanzyl.net\/index.php\/wp-json\/wp\/v2\/pages"}],"about":[{"href":"https:\/\/desertsdosons.fanzyl.net\/index.php\/wp-json\/wp\/v2\/types\/page"}],"author":[{"embeddable":true,"href":"https:\/\/desertsdosons.fanzyl.net\/index.php\/wp-json\/wp\/v2\/users\/1"}],"replies":[{"embeddable":true,"href":"https:\/\/desertsdosons.fanzyl.net\/index.php\/wp-json\/wp\/v2\/comments?post=2"}],"version-history":[{"count":6,"href":"https:\/\/desertsdosons.fanzyl.net\/index.php\/wp-json\/wp\/v2\/pages\/2\/revisions"}],"predecessor-version":[{"id":101,"href":"https:\/\/desertsdosons.fanzyl.net\/index.php\/wp-json\/wp\/v2\/pages\/2\/revisions\/101"}],"wp:attachment":[{"href":"https:\/\/desertsdosons.fanzyl.net\/index.php\/wp-json\/wp\/v2\/media?parent=2"}],"curies":[{"name":"wp","href":"https:\/\/api.w.org\/{rel}","templated":true}]}}