{"id":20,"date":"2023-08-02T18:41:13","date_gmt":"2023-08-02T16:41:13","guid":{"rendered":"http:\/\/desertsdosons.fanzyl.net\/?page_id=20"},"modified":"2023-08-30T20:38:42","modified_gmt":"2023-08-30T18:38:42","slug":"lhistoire","status":"publish","type":"page","link":"https:\/\/desertsdosons.fanzyl.net\/index.php\/lhistoire\/","title":{"rendered":"L&#8217;histoire"},"content":{"rendered":"\n<div class=\"wp-block-columns is-layout-flex wp-container-core-columns-is-layout-9d6595d7 wp-block-columns-is-layout-flex\">\n<div class=\"wp-block-column is-layout-flow wp-block-column-is-layout-flow\" style=\"flex-basis:50%\">\n<p>Kazia est une jeune Active au sein de la F\u00e9d\u00e9ration. Sa vie millim\u00e9tr\u00e9e est organis\u00e9e entre son travail de releveuse d&#8217;audience pour la soci\u00e9t\u00e9 RON-MEDIA, sa contribution au Syndicat et, fait nouveau, ses actions de b\u00e9n\u00e9volat pour le CARA, le Centre d&#8217;Accueil et de Ressources des Arrivants.<\/p>\n\n\n\n<p>Elle prend sous son aile la jeune Ma\u00efka, une petite fille atypique et maligne qui semble en savoir plus que ce qu&#8217;elle laisse para\u00eetre. Kazia lui fait d\u00e9couvrir son monde, s&#8217;attache \u00e0 lui partager ses loisirs et sa culture, tout en op\u00e9rant quelques choix corn\u00e9liens pour s&#8217;occuper de la petite fille.<\/p>\n\n\n\n<p>Quand elle rencontre Humanit\u00e9, jeune adolescente ais\u00e9e \u00e0 la d\u00e9rive, la jeune femme plonge dans cette empathie et ce soin aux autres, et finit par accepter de donner son nom pour aider un groupe d&#8217;Arrivants, la mettant en danger dans son emploi. <\/p>\n\n\n\n<p>En parall\u00e8le, Kazia rencontre un myst\u00e9rieux jeune homme qui la comblera autant qu&#8217;il la d\u00e9stabilise. De de ces hauts et de ces bas, et suite \u00e0 la disparition d&#8217;Humanit\u00e9, la jeune femme finit par partir sur le Chemin, vers la Cit\u00e9 des Subus, qui l&#8217;a toujours fascin\u00e9.<\/p>\n<\/div>\n\n\n\n<div class=\"wp-block-column is-layout-flow wp-block-column-is-layout-flow\" style=\"flex-basis:33.33%\">\n<figure class=\"wp-block-image size-large\"><img loading=\"lazy\" decoding=\"async\" width=\"1024\" height=\"683\" src=\"http:\/\/desertsdosons.fanzyl.net\/wp-content\/uploads\/2023\/08\/illustrations-chapitre-6_4fouletableau-1024x683.jpg\" alt=\"\" class=\"wp-image-110\" srcset=\"https:\/\/desertsdosons.fanzyl.net\/wp-content\/uploads\/2023\/08\/illustrations-chapitre-6_4fouletableau-1024x683.jpg 1024w, https:\/\/desertsdosons.fanzyl.net\/wp-content\/uploads\/2023\/08\/illustrations-chapitre-6_4fouletableau-300x200.jpg 300w, https:\/\/desertsdosons.fanzyl.net\/wp-content\/uploads\/2023\/08\/illustrations-chapitre-6_4fouletableau-768x512.jpg 768w, https:\/\/desertsdosons.fanzyl.net\/wp-content\/uploads\/2023\/08\/illustrations-chapitre-6_4fouletableau-1536x1025.jpg 1536w, https:\/\/desertsdosons.fanzyl.net\/wp-content\/uploads\/2023\/08\/illustrations-chapitre-6_4fouletableau-2048x1366.jpg 2048w, https:\/\/desertsdosons.fanzyl.net\/wp-content\/uploads\/2023\/08\/illustrations-chapitre-6_4fouletableau-640x427.jpg 640w, https:\/\/desertsdosons.fanzyl.net\/wp-content\/uploads\/2023\/08\/illustrations-chapitre-6_4fouletableau-960x640.jpg 960w, https:\/\/desertsdosons.fanzyl.net\/wp-content\/uploads\/2023\/08\/illustrations-chapitre-6_4fouletableau-1320x881.jpg 1320w, https:\/\/desertsdosons.fanzyl.net\/wp-content\/uploads\/2023\/08\/illustrations-chapitre-6_4fouletableau-600x400.jpg 600w\" sizes=\"auto, (max-width: 1024px) 100vw, 1024px\" \/><\/figure>\n<\/div>\n<\/div>\n","protected":false},"excerpt":{"rendered":"<p>Kazia est une jeune Active au sein de la F\u00e9d\u00e9ration. Sa vie millim\u00e9tr\u00e9e est organis\u00e9e entre son travail de releveuse &hellip; <a href=\"https:\/\/desertsdosons.fanzyl.net\/index.php\/lhistoire\/\" class=\"more-link\"><span class=\"more-button\">Lire la suite<span class=\"screen-reader-text\">L&#8217;histoire<\/span><\/span><\/a><\/p>\n","protected":false},"author":1,"featured_media":0,"parent":0,"menu_order":0,"comment_status":"closed","ping_status":"closed","template":"templates\/full-width-page.php","meta":{"footnotes":""},"class_list":["post-20","page","type-page","status-publish","hentry"],"_links":{"self":[{"href":"https:\/\/desertsdosons.fanzyl.net\/index.php\/wp-json\/wp\/v2\/pages\/20","targetHints":{"allow":["GET"]}}],"collection":[{"href":"https:\/\/desertsdosons.fanzyl.net\/index.php\/wp-json\/wp\/v2\/pages"}],"about":[{"href":"https:\/\/desertsdosons.fanzyl.net\/index.php\/wp-json\/wp\/v2\/types\/page"}],"author":[{"embeddable":true,"href":"https:\/\/desertsdosons.fanzyl.net\/index.php\/wp-json\/wp\/v2\/users\/1"}],"replies":[{"embeddable":true,"href":"https:\/\/desertsdosons.fanzyl.net\/index.php\/wp-json\/wp\/v2\/comments?post=20"}],"version-history":[{"count":5,"href":"https:\/\/desertsdosons.fanzyl.net\/index.php\/wp-json\/wp\/v2\/pages\/20\/revisions"}],"predecessor-version":[{"id":114,"href":"https:\/\/desertsdosons.fanzyl.net\/index.php\/wp-json\/wp\/v2\/pages\/20\/revisions\/114"}],"wp:attachment":[{"href":"https:\/\/desertsdosons.fanzyl.net\/index.php\/wp-json\/wp\/v2\/media?parent=20"}],"curies":[{"name":"wp","href":"https:\/\/api.w.org\/{rel}","templated":true}]}}