{"id":22,"date":"2023-08-02T18:42:42","date_gmt":"2023-08-02T16:42:42","guid":{"rendered":"http:\/\/desertsdosons.fanzyl.net\/?page_id=22"},"modified":"2023-08-30T20:17:56","modified_gmt":"2023-08-30T18:17:56","slug":"les-episodes","status":"publish","type":"page","link":"https:\/\/desertsdosons.fanzyl.net\/index.php\/les-episodes\/","title":{"rendered":"Les \u00e9pisodes"},"content":{"rendered":"\n<p><em>Page en \u00e9criture, retrouvez ici le descriptif des diff\u00e9rents \u00e9pisodes et les liens pour vous les procurer. Une campagne de crowdfunding vous sera bient\u00f4t propos\u00e9e.<\/em><\/p>\n\n\n\n<p><strong>Cycle Furie<\/strong><\/p>\n\n\n\n<p>Tome 1&#8243; La fille&#8221; &#8211; Sortie pr\u00e9vue : janvier 2024<\/p>\n\n\n\n<p>Tome 2 &#8220;La fleur&#8221; &#8211; Sortie pr\u00e9vue : juin 2024<\/p>\n\n\n\n<p>Tome 2 &#8220;La fuite&#8221; &#8211; Sortie pr\u00e9vue : septembre 2024<\/p>\n","protected":false},"excerpt":{"rendered":"<p>Page en \u00e9criture, retrouvez ici le descriptif des diff\u00e9rents \u00e9pisodes et les liens pour vous les procurer. Une campagne de &hellip; <a href=\"https:\/\/desertsdosons.fanzyl.net\/index.php\/les-episodes\/\" class=\"more-link\"><span class=\"more-button\">Lire la suite<span class=\"screen-reader-text\">Les \u00e9pisodes<\/span><\/span><\/a><\/p>\n","protected":false},"author":1,"featured_media":0,"parent":0,"menu_order":0,"comment_status":"closed","ping_status":"closed","template":"","meta":{"footnotes":""},"class_list":["post-22","page","type-page","status-publish","hentry"],"_links":{"self":[{"href":"https:\/\/desertsdosons.fanzyl.net\/index.php\/wp-json\/wp\/v2\/pages\/22","targetHints":{"allow":["GET"]}}],"collection":[{"href":"https:\/\/desertsdosons.fanzyl.net\/index.php\/wp-json\/wp\/v2\/pages"}],"about":[{"href":"https:\/\/desertsdosons.fanzyl.net\/index.php\/wp-json\/wp\/v2\/types\/page"}],"author":[{"embeddable":true,"href":"https:\/\/desertsdosons.fanzyl.net\/index.php\/wp-json\/wp\/v2\/users\/1"}],"replies":[{"embeddable":true,"href":"https:\/\/desertsdosons.fanzyl.net\/index.php\/wp-json\/wp\/v2\/comments?post=22"}],"version-history":[{"count":4,"href":"https:\/\/desertsdosons.fanzyl.net\/index.php\/wp-json\/wp\/v2\/pages\/22\/revisions"}],"predecessor-version":[{"id":106,"href":"https:\/\/desertsdosons.fanzyl.net\/index.php\/wp-json\/wp\/v2\/pages\/22\/revisions\/106"}],"wp:attachment":[{"href":"https:\/\/desertsdosons.fanzyl.net\/index.php\/wp-json\/wp\/v2\/media?parent=22"}],"curies":[{"name":"wp","href":"https:\/\/api.w.org\/{rel}","templated":true}]}}