{"id":26,"date":"2023-08-02T19:04:50","date_gmt":"2023-08-02T17:04:50","guid":{"rendered":"http:\/\/desertsdosons.fanzyl.net\/?page_id=26"},"modified":"2023-08-30T20:19:07","modified_gmt":"2023-08-30T18:19:07","slug":"la-communaute","status":"publish","type":"page","link":"https:\/\/desertsdosons.fanzyl.net\/index.php\/la-communaute\/","title":{"rendered":"La communaut\u00e9"},"content":{"rendered":"\n<p>Les D\u00e9serts d&#8217;Osons sont une aventure narrative et participative ! Rejoignez un groupe d&#8217;\u00e9changes pour former votre cercle et partagez vos r\u00e9flexions sur les sujets abord\u00e9s dans le roman.<\/p>\n\n\n\n<p>Les discussions se font via l&#8217;application Mastodon.<\/p>\n\n\n\n<p>Les informations pour les premiers \u00e9changes auront lieu apr\u00e8s la parution du Tome 1 (janvier 2024).<\/p>\n","protected":false},"excerpt":{"rendered":"<p>Les D\u00e9serts d&#8217;Osons sont une aventure narrative et participative ! Rejoignez un groupe d&#8217;\u00e9changes pour former votre cercle et partagez &hellip; <a href=\"https:\/\/desertsdosons.fanzyl.net\/index.php\/la-communaute\/\" class=\"more-link\"><span class=\"more-button\">Lire la suite<span class=\"screen-reader-text\">La communaut\u00e9<\/span><\/span><\/a><\/p>\n","protected":false},"author":1,"featured_media":0,"parent":0,"menu_order":0,"comment_status":"closed","ping_status":"closed","template":"","meta":{"footnotes":""},"class_list":["post-26","page","type-page","status-publish","hentry"],"_links":{"self":[{"href":"https:\/\/desertsdosons.fanzyl.net\/index.php\/wp-json\/wp\/v2\/pages\/26","targetHints":{"allow":["GET"]}}],"collection":[{"href":"https:\/\/desertsdosons.fanzyl.net\/index.php\/wp-json\/wp\/v2\/pages"}],"about":[{"href":"https:\/\/desertsdosons.fanzyl.net\/index.php\/wp-json\/wp\/v2\/types\/page"}],"author":[{"embeddable":true,"href":"https:\/\/desertsdosons.fanzyl.net\/index.php\/wp-json\/wp\/v2\/users\/1"}],"replies":[{"embeddable":true,"href":"https:\/\/desertsdosons.fanzyl.net\/index.php\/wp-json\/wp\/v2\/comments?post=26"}],"version-history":[{"count":3,"href":"https:\/\/desertsdosons.fanzyl.net\/index.php\/wp-json\/wp\/v2\/pages\/26\/revisions"}],"predecessor-version":[{"id":107,"href":"https:\/\/desertsdosons.fanzyl.net\/index.php\/wp-json\/wp\/v2\/pages\/26\/revisions\/107"}],"wp:attachment":[{"href":"https:\/\/desertsdosons.fanzyl.net\/index.php\/wp-json\/wp\/v2\/media?parent=26"}],"curies":[{"name":"wp","href":"https:\/\/api.w.org\/{rel}","templated":true}]}}